{"id":197,"date":"2020-08-06T12:14:20","date_gmt":"2020-08-06T10:14:20","guid":{"rendered":"https:\/\/labowtc.hungrynuggets.com\/?post_type=product&#038;p=197"},"modified":"2020-10-01T14:04:53","modified_gmt":"2020-10-01T12:04:53","slug":"de-2003-crystal-klaar","status":"publish","type":"product","link":"https:\/\/greenlineindustrial.com\/nl\/accueil\/de-2003-crystal-klaar\/","title":{"rendered":"Crystal Klaar (DE2003)"},"content":{"rendered":"<p><strong>CONDITIONNEMENT :<\/strong><br \/>\n<strong>500ML &#8211; 1L &#8211; 5L &#8211; 10L &#8211; 25L &#8211; 30L &#8211; 60L &#8211; 210L &#8211; 1000L<\/strong><\/p>\n<p>CRYSTAL-KLAAR (DE 2003 ) est un produit qui compte de nombreux avantages. Il laisse sur la surface trait\u00e9e un film mono mol\u00e9culaire qui combat les traces de doigts, la salet\u00e9 et la charge statique.<br \/>\nIl nettoie sans peine toute surface brillante sans laisser de traces, a un effet anti-bu\u00e9e et nettoie en douceur toutes surfaces telles que fen\u00eatres, vitrines, pare-brise, miroirs, cristaux, carrelages, porcelaines, plastiques, c\u00e9ramiques, \u00e9crans t\u00e9l\u00e9visions, \u00e9crans d\u2019ordinateurs\u2026..<\/p>\n","protected":false},"excerpt":{"rendered":"<p>Combat les surface sans laisser de traces<\/p>\n","protected":false},"featured_media":233,"template":"","meta":[],"product_brand":[],"product_cat":[80],"product_tag":[],"class_list":{"0":"post-197","1":"product","2":"type-product","3":"status-publish","4":"has-post-thumbnail","6":"product_cat-services-publics-soins-sante-gamme-aerosols","8":"first","9":"instock","10":"shipping-taxable","11":"product-type-simple"},"_links":{"self":[{"href":"https:\/\/greenlineindustrial.com\/nl\/wp-json\/wp\/v2\/product\/197","targetHints":{"allow":["GET"]}}],"collection":[{"href":"https:\/\/greenlineindustrial.com\/nl\/wp-json\/wp\/v2\/product"}],"about":[{"href":"https:\/\/greenlineindustrial.com\/nl\/wp-json\/wp\/v2\/types\/product"}],"wp:featuredmedia":[{"embeddable":true,"href":"https:\/\/greenlineindustrial.com\/nl\/wp-json\/wp\/v2\/media\/233"}],"wp:attachment":[{"href":"https:\/\/greenlineindustrial.com\/nl\/wp-json\/wp\/v2\/media?parent=197"}],"wp:term":[{"taxonomy":"product_brand","embeddable":true,"href":"https:\/\/greenlineindustrial.com\/nl\/wp-json\/wp\/v2\/product_brand?post=197"},{"taxonomy":"product_cat","embeddable":true,"href":"https:\/\/greenlineindustrial.com\/nl\/wp-json\/wp\/v2\/product_cat?post=197"},{"taxonomy":"product_tag","embeddable":true,"href":"https:\/\/greenlineindustrial.com\/nl\/wp-json\/wp\/v2\/product_tag?post=197"}],"curies":[{"name":"wp","href":"https:\/\/api.w.org\/{rel}","templated":true}]}}