{"id":1842,"date":"2020-10-16T01:16:30","date_gmt":"2020-10-15T23:16:30","guid":{"rendered":"https:\/\/labowtc.hungrynuggets.com\/?post_type=product&#038;p=1842"},"modified":"2020-10-16T01:18:55","modified_gmt":"2020-10-15T23:18:55","slug":"cire-prete-a-lemploi-de-2061","status":"publish","type":"product","link":"https:\/\/greenlineindustrial.com\/nl\/accueil\/cire-prete-a-lemploi-de-2061\/","title":{"rendered":"Cire pr\u00eate \u00e0 l&#8217;emploi (DE 2061)"},"content":{"rendered":"<div class=\"page\" title=\"Page 6\">\n<div class=\"section\">\n<div class=\"layoutArea\">\n<div class=\"column\">\n<div class=\"page\" title=\"Page 6\">\n<div class=\"section\">\n<div class=\"layoutArea\">\n<div class=\"column\">\n<p><strong>CONDITIONNEMENT :<\/strong><\/p>\n<p><strong>1L &#8211; 5L &#8211; 10L &#8211; 20L &#8211; 25L &#8211; 30L &#8211; 210L &#8211; 1000L<\/strong><\/p>\n<\/div>\n<\/div>\n<\/div>\n<\/div>\n<p>La cire DE 2061 est \u00e0 la <strong>base de copolym\u00e8res \u00e0 particules m\u00e9talliques incorpor\u00e9es<\/strong>, offrant <strong>brillance<\/strong>, <strong>duret\u00e9<\/strong> pour la plupart des sols. Elle forme une couche <strong>transparente et brillante<\/strong>.<\/p>\n<p>Quand la cire est s\u00e8che, elle est tr\u00e8s <strong>durable<\/strong> et <strong>n\u00e9cessite peu d\u2019entretien<\/strong>.<\/p>\n<p><strong>Excellente r\u00e9sistance<\/strong> aux \u00e9raflures et marques de chaussures.<\/p>\n<p>Id\u00e9ale pour les zones \u00e0 entretien minimal.<\/p>\n<p>Sa conception permet d\u2019obtenir une <strong>surface antid\u00e9rapante<\/strong>.<\/p>\n<p>Ne laisse pas de traces \u00e0 l\u2019application.<\/p>\n<p>Peut \u00eatre polie pour plus de brillance.<\/p>\n<p>Se nettoie quotidiennement avec nos d\u00e9tergents neutres.<\/p>\n<p><img decoding=\"async\" class=\"alignnone size-medium wp-image-1843\" src=\"https:\/\/labowtc.hungrynuggets.com\/wp-content\/uploads\/2020\/10\/Capture-decran-2020-10-16-a-00.09.53-300x81.png\" alt=\"\" width=\"300\" height=\"81\" \/><\/p>\n<\/div>\n<\/div>\n<\/div>\n<\/div>\n","protected":false},"excerpt":{"rendered":"<div class=\"page\" title=\"Page 6\">\n<div class=\"section\">\n<div class=\"layoutArea\">\n<div class=\"column\">\n<p>Cire \u00e0 tr\u00e8s haute brillance pr\u00eate \u00e0 l&#8217;emploi<\/p>\n<\/div>\n<\/div>\n<\/div>\n<\/div>\n","protected":false},"featured_media":1844,"template":"","meta":[],"product_brand":[],"product_cat":[259,102,255,58,244],"product_tag":[],"class_list":{"0":"post-1842","1":"product","2":"type-product","3":"status-publish","4":"has-post-thumbnail","6":"product_cat-cire","7":"product_cat-horeca-cuisine","8":"product_cat-gamme-cuisines-et-collectivites","9":"product_cat-horeca","10":"product_cat-les-differentes-gammes","12":"first","13":"instock","14":"shipping-taxable","15":"product-type-simple"},"_links":{"self":[{"href":"https:\/\/greenlineindustrial.com\/nl\/wp-json\/wp\/v2\/product\/1842","targetHints":{"allow":["GET"]}}],"collection":[{"href":"https:\/\/greenlineindustrial.com\/nl\/wp-json\/wp\/v2\/product"}],"about":[{"href":"https:\/\/greenlineindustrial.com\/nl\/wp-json\/wp\/v2\/types\/product"}],"wp:featuredmedia":[{"embeddable":true,"href":"https:\/\/greenlineindustrial.com\/nl\/wp-json\/wp\/v2\/media\/1844"}],"wp:attachment":[{"href":"https:\/\/greenlineindustrial.com\/nl\/wp-json\/wp\/v2\/media?parent=1842"}],"wp:term":[{"taxonomy":"product_brand","embeddable":true,"href":"https:\/\/greenlineindustrial.com\/nl\/wp-json\/wp\/v2\/product_brand?post=1842"},{"taxonomy":"product_cat","embeddable":true,"href":"https:\/\/greenlineindustrial.com\/nl\/wp-json\/wp\/v2\/product_cat?post=1842"},{"taxonomy":"product_tag","embeddable":true,"href":"https:\/\/greenlineindustrial.com\/nl\/wp-json\/wp\/v2\/product_tag?post=1842"}],"curies":[{"name":"wp","href":"https:\/\/api.w.org\/{rel}","templated":true}]}}