{"id":1827,"date":"2020-10-16T00:34:55","date_gmt":"2020-10-15T22:34:55","guid":{"rendered":"https:\/\/labowtc.hungrynuggets.com\/?post_type=product&#038;p=1827"},"modified":"2020-10-16T00:34:55","modified_gmt":"2020-10-15T22:34:55","slug":"floor-care-de-2065","status":"publish","type":"product","link":"https:\/\/greenlineindustrial.com\/nl\/accueil\/floor-care-de-2065\/","title":{"rendered":"Floor care (DE 2065)"},"content":{"rendered":"<div class=\"page\" title=\"Page 6\">\n<div class=\"section\">\n<div class=\"layoutArea\">\n<div class=\"column\">\n<div class=\"page\" title=\"Page 6\">\n<div class=\"section\">\n<div class=\"layoutArea\">\n<div class=\"column\">\n<p><strong>CONDITIONNEMENT :<\/strong><\/p>\n<p><strong>1L &#8211; 5L &#8211; 10L &#8211; 20L &#8211; 25L &#8211; 30L &#8211; 210L &#8211; 1000L<\/strong><\/p>\n<\/div>\n<\/div>\n<\/div>\n<\/div>\n<p>Floor Care <strong>prot\u00e8ge<\/strong> <strong>efficacement et durablement<\/strong> les dalles en b\u00e9ton, les pav\u00e9s autobloquants, les dalles en ciment, les pierres naturelles, terres cuites, marbres, gr\u00e8s, gr\u00e8s C\u00e9ram, pl\u00e2tres contre toutes mati\u00e8res grasses comme l\u2019huile, l\u2019huile de vidange&#8230;<\/p>\n<p>Effet perlant prononc\u00e9.<\/p>\n<p>Ne colore pas, ne laisse pas de vernis et ne rend pas les surfaces glissantes.<\/p>\n<p>Insensible aux U.V.<\/p>\n<p>Convient aussi bien pour un traitement int\u00e9rieur qu\u2019ext\u00e9rieur.<\/p>\n<p><img decoding=\"async\" class=\"alignnone size-medium wp-image-1828\" src=\"https:\/\/labowtc.hungrynuggets.com\/wp-content\/uploads\/2020\/10\/Capture-decran-2020-10-15-a-23.30.49-300x67.png\" alt=\"\" width=\"300\" height=\"67\" \/><\/p>\n<div class=\"page\" title=\"Page 6\">\n<div class=\"section\">\n<div class=\"layoutArea\">\n<div class=\"column\">\n<p>&nbsp;<\/p>\n<\/div>\n<\/div>\n<\/div>\n<\/div>\n<\/div>\n<\/div>\n<\/div>\n<\/div>\n","protected":false},"excerpt":{"rendered":"<p>Nettoyant sol<\/p>\n","protected":false},"featured_media":1829,"template":"","meta":[],"product_brand":[],"product_cat":[102,58,258,110,104],"product_tag":[],"class_list":{"0":"post-1827","1":"product","2":"type-product","3":"status-publish","4":"has-post-thumbnail","6":"product_cat-horeca-cuisine","7":"product_cat-horeca","8":"product_cat-nettoyant-sol","9":"product_cat-nettoyants-divers","10":"product_cat-horeca-sanitaires","12":"first","13":"instock","14":"shipping-taxable","15":"product-type-simple"},"_links":{"self":[{"href":"https:\/\/greenlineindustrial.com\/nl\/wp-json\/wp\/v2\/product\/1827","targetHints":{"allow":["GET"]}}],"collection":[{"href":"https:\/\/greenlineindustrial.com\/nl\/wp-json\/wp\/v2\/product"}],"about":[{"href":"https:\/\/greenlineindustrial.com\/nl\/wp-json\/wp\/v2\/types\/product"}],"wp:featuredmedia":[{"embeddable":true,"href":"https:\/\/greenlineindustrial.com\/nl\/wp-json\/wp\/v2\/media\/1829"}],"wp:attachment":[{"href":"https:\/\/greenlineindustrial.com\/nl\/wp-json\/wp\/v2\/media?parent=1827"}],"wp:term":[{"taxonomy":"product_brand","embeddable":true,"href":"https:\/\/greenlineindustrial.com\/nl\/wp-json\/wp\/v2\/product_brand?post=1827"},{"taxonomy":"product_cat","embeddable":true,"href":"https:\/\/greenlineindustrial.com\/nl\/wp-json\/wp\/v2\/product_cat?post=1827"},{"taxonomy":"product_tag","embeddable":true,"href":"https:\/\/greenlineindustrial.com\/nl\/wp-json\/wp\/v2\/product_tag?post=1827"}],"curies":[{"name":"wp","href":"https:\/\/api.w.org\/{rel}","templated":true}]}}