{"id":1582,"date":"2020-10-14T01:13:59","date_gmt":"2020-10-13T23:13:59","guid":{"rendered":"https:\/\/labowtc.hungrynuggets.com\/?post_type=product&#038;p=1582"},"modified":"2020-10-15T10:56:35","modified_gmt":"2020-10-15T08:56:35","slug":"nettoyant-special-machine-de-2074","status":"publish","type":"product","link":"https:\/\/greenlineindustrial.com\/nl\/accueil\/nettoyant-special-machine-de-2074\/","title":{"rendered":"Nettoyant sp\u00e9cial machine (DE 2074)"},"content":{"rendered":"<div class=\"page\" title=\"Page 5\">\n<div class=\"section\">\n<div class=\"layoutArea\">\n<div class=\"column\">\n<div class=\"page\" title=\"Page 5\">\n<div class=\"section\">\n<div class=\"layoutArea\">\n<div class=\"column\">\n<p><strong>CONDITIONNEMENT :<\/strong><\/p>\n<p><strong>1L &#8211; 5L &#8211; 10L &#8211; 25L &#8211; 60L &#8211; 210L &#8211; 600L &#8211; 1000L<\/strong><\/p>\n<\/div>\n<\/div>\n<\/div>\n<\/div>\n<p>Ce <strong>nettoyant d\u00e9graissant<\/strong> a \u00e9t\u00e9 sp\u00e9cialement mis au point pour une <strong>efficacit\u00e9 accrue sur des pollutions organiques et inorganiques<\/strong>, particuli\u00e8rement tenaces.<\/p>\n<p>Cette formule est garantie <strong>sans solvant aromatique ou solvant chlor\u00e9. <\/strong><\/p>\n<p>Gr\u00e2ce \u00e0 ses propri\u00e9t\u00e9s chimique, \u00e7a transforme les sels m\u00e9talliques tels que la rouille, d\u00e9p\u00f4ts de tartre, rev\u00eatements de phosphate de zinc ou de fer en substances solubles \u00e0 l\u2019eau .<\/p>\n<p><img decoding=\"async\" class=\"alignnone size-full wp-image-1583\" src=\"https:\/\/labowtc.hungrynuggets.com\/wp-content\/uploads\/2020\/10\/Capture-decran-2020-10-14-a-00.03.30.png\" alt=\"\" width=\"240\" height=\"118\" \/><\/p>\n<\/div>\n<\/div>\n<\/div>\n<\/div>\n","protected":false},"excerpt":{"rendered":"<p>Nettoyant d\u00e9graissant<\/p>\n","protected":false},"featured_media":1585,"template":"","meta":[],"product_brand":[],"product_cat":[102,58,110],"product_tag":[],"class_list":{"0":"post-1582","1":"product","2":"type-product","3":"status-publish","4":"has-post-thumbnail","6":"product_cat-horeca-cuisine","7":"product_cat-horeca","8":"product_cat-nettoyants-divers","10":"first","11":"instock","12":"shipping-taxable","13":"product-type-simple"},"_links":{"self":[{"href":"https:\/\/greenlineindustrial.com\/nl\/wp-json\/wp\/v2\/product\/1582","targetHints":{"allow":["GET"]}}],"collection":[{"href":"https:\/\/greenlineindustrial.com\/nl\/wp-json\/wp\/v2\/product"}],"about":[{"href":"https:\/\/greenlineindustrial.com\/nl\/wp-json\/wp\/v2\/types\/product"}],"wp:featuredmedia":[{"embeddable":true,"href":"https:\/\/greenlineindustrial.com\/nl\/wp-json\/wp\/v2\/media\/1585"}],"wp:attachment":[{"href":"https:\/\/greenlineindustrial.com\/nl\/wp-json\/wp\/v2\/media?parent=1582"}],"wp:term":[{"taxonomy":"product_brand","embeddable":true,"href":"https:\/\/greenlineindustrial.com\/nl\/wp-json\/wp\/v2\/product_brand?post=1582"},{"taxonomy":"product_cat","embeddable":true,"href":"https:\/\/greenlineindustrial.com\/nl\/wp-json\/wp\/v2\/product_cat?post=1582"},{"taxonomy":"product_tag","embeddable":true,"href":"https:\/\/greenlineindustrial.com\/nl\/wp-json\/wp\/v2\/product_tag?post=1582"}],"curies":[{"name":"wp","href":"https:\/\/api.w.org\/{rel}","templated":true}]}}