{"id":1575,"date":"2020-10-14T00:55:27","date_gmt":"2020-10-13T22:55:27","guid":{"rendered":"https:\/\/labowtc.hungrynuggets.com\/?post_type=product&#038;p=1575"},"modified":"2020-10-14T00:57:28","modified_gmt":"2020-10-13T22:57:28","slug":"liquide-vaisselle-concentre-de-2416","status":"publish","type":"product","link":"https:\/\/greenlineindustrial.com\/nl\/accueil\/liquide-vaisselle-concentre-de-2416\/","title":{"rendered":"Liquide vaisselle concentr\u00e9 (DE 2416)"},"content":{"rendered":"<div class=\"page\" title=\"Page 5\">\n<div class=\"section\">\n<div class=\"layoutArea\">\n<div class=\"column\">\n<div class=\"page\" title=\"Page 5\">\n<div class=\"section\">\n<div class=\"layoutArea\">\n<div class=\"column\">\n<p><strong>CONDITIONNEMENT :<\/strong><\/p>\n<p><strong>1L &#8211; 5L &#8211; 10L &#8211; 25L &#8211; 60L &#8211; 210L<\/strong><\/p>\n<\/div>\n<\/div>\n<\/div>\n<\/div>\n<p>Le liquide vaisselle concentr\u00e9 est une formule avanc\u00e9e pour le nettoyage manuel de la vaisselle.<\/p>\n<p>Il poss\u00e8de un <strong>haut pouvoir moussant<\/strong> associ\u00e9 avec <strong>un pouvoir de nettoyage sup\u00e9rieur<\/strong> qui p\u00e9n\u00e8tre, absorbe et d\u00e9colle les graisses carbonis\u00e9es, crasses et salet\u00e9s et autres taches difficiles.<\/p>\n<p>Instantan\u00e9ment, il donne <strong>une mousse en eau chaude ou froide, dure ou douce.<\/strong><\/p>\n<p>Argenterie, verrerie, porcelaine de chine, ustensiles de cuisson sont lav\u00e9s sans demander un frottement \u00e9lev\u00e9 ou un r\u00e9curage.<\/p>\n<p><img decoding=\"async\" class=\"alignnone size-medium wp-image-1576\" src=\"https:\/\/labowtc.hungrynuggets.com\/wp-content\/uploads\/2020\/10\/Capture-decran-2020-10-13-a-23.47.52-300x78.png\" alt=\"\" width=\"300\" height=\"78\" \/><\/p>\n<p><strong>Plusieurs liquides vaisselles sont disponibles :<\/strong><\/p>\n<ul>\n<li>DE2416\/C = Citron<\/li>\n<li class=\"page\" title=\"Page 5\">\n<div class=\"section\">\n<div class=\"layoutArea\">\n<div class=\"column\">\n<p>DE2416\/PC = P\u00eache<\/p>\n<\/div>\n<\/div>\n<\/div>\n<\/li>\n<\/ul>\n<\/div>\n<p>&nbsp;<\/p>\n<\/div>\n<\/div>\n<\/div>\n","protected":false},"excerpt":{"rendered":"<p>Nettoyant vaisselle manuel<\/p>\n","protected":false},"featured_media":1581,"template":"","meta":[],"product_brand":[],"product_cat":[58,103,111,113,114],"product_tag":[],"class_list":{"0":"post-1575","1":"product","2":"type-product","3":"status-publish","4":"has-post-thumbnail","6":"product_cat-horeca","7":"product_cat-horeca-lave-vaisselle","8":"product_cat-nettoyant-liquide-lave-vaisselle","9":"product_cat-nettoyant-verres","10":"product_cat-produit-pour-la-plonge","12":"first","13":"instock","14":"shipping-taxable","15":"product-type-simple"},"_links":{"self":[{"href":"https:\/\/greenlineindustrial.com\/nl\/wp-json\/wp\/v2\/product\/1575","targetHints":{"allow":["GET"]}}],"collection":[{"href":"https:\/\/greenlineindustrial.com\/nl\/wp-json\/wp\/v2\/product"}],"about":[{"href":"https:\/\/greenlineindustrial.com\/nl\/wp-json\/wp\/v2\/types\/product"}],"wp:featuredmedia":[{"embeddable":true,"href":"https:\/\/greenlineindustrial.com\/nl\/wp-json\/wp\/v2\/media\/1581"}],"wp:attachment":[{"href":"https:\/\/greenlineindustrial.com\/nl\/wp-json\/wp\/v2\/media?parent=1575"}],"wp:term":[{"taxonomy":"product_brand","embeddable":true,"href":"https:\/\/greenlineindustrial.com\/nl\/wp-json\/wp\/v2\/product_brand?post=1575"},{"taxonomy":"product_cat","embeddable":true,"href":"https:\/\/greenlineindustrial.com\/nl\/wp-json\/wp\/v2\/product_cat?post=1575"},{"taxonomy":"product_tag","embeddable":true,"href":"https:\/\/greenlineindustrial.com\/nl\/wp-json\/wp\/v2\/product_tag?post=1575"}],"curies":[{"name":"wp","href":"https:\/\/api.w.org\/{rel}","templated":true}]}}