{"id":1369,"date":"2020-10-12T10:54:36","date_gmt":"2020-10-12T08:54:36","guid":{"rendered":"https:\/\/labowtc.hungrynuggets.com\/?post_type=product&#038;p=1369"},"modified":"2020-10-13T23:23:07","modified_gmt":"2020-10-13T21:23:07","slug":"gel-nettoyant-pour-les-mains-antibacterien-hy-1067","status":"publish","type":"product","link":"https:\/\/greenlineindustrial.com\/nl\/accueil\/gel-nettoyant-pour-les-mains-antibacterien-hy-1067\/","title":{"rendered":"Gel nettoyant pour les mains antibact\u00e9rien (HY 1067)"},"content":{"rendered":"<div class=\"page\" title=\"Page 4\">\n<div class=\"section\">\n<div class=\"layoutArea\">\n<div class=\"column\">\n<p><strong>CONDITIONNEMENT :<\/strong><\/p>\n<p><strong>250ML &#8211; 500ML &#8211; 900ML &#8211; 1L &#8211; 5L<\/strong><\/p>\n<\/div>\n<div class=\"page\" title=\"Page 4\">\n<div class=\"section\">\n<div class=\"layoutArea\">\n<div class=\"column\">\n<p>Le gel nettoyant pour les mains antibact\u00e9rien (HY 1067) contient un <strong>haut pourcentage de mati\u00e8res actives<\/strong> et donne une <strong>mousse riche<\/strong>, un <strong>mouillage<\/strong> et une <strong>absorption rapide<\/strong> de tous types de salissures et graisses. Il <strong>contient un \u00e9mollient<\/strong> qui agit comme <strong>adoucissant de la peau<\/strong> et <strong>emp\u00eache son dess\u00e8chement<\/strong>. Il contient \u00e9galement un agent et <strong>prot\u00e8ge contre la pollution microbienne<\/strong>, laissant les mains propres et saines.<\/p>\n<\/div>\n<p><img decoding=\"async\" class=\"alignnone size-medium wp-image-1350\" src=\"https:\/\/labowtc.hungrynuggets.com\/wp-content\/uploads\/2020\/10\/Capture-decran-2020-10-09-a-23.02.51-300x108.png\" alt=\"\" width=\"300\" height=\"108\" \/><\/p>\n<div class=\"column\">\n<p>NOTIF 817 : SERVICE PUBLIC F\u00c9D\u00c9RAL SANT\u00c9 PUBLIQUE, S\u00c9CURIT\u00c9 DE LA CHA\u00ceNE ALIMENTAIRE ET DE L&#8217;ENVIRONNEMENT<\/p>\n<\/div>\n<\/div>\n<\/div>\n<\/div>\n<\/div>\n<\/div>\n<\/div>\n","protected":false},"excerpt":{"rendered":"<p>Nettoyant main anti-bact\u00e9rien<\/p>\n","protected":false},"featured_media":1372,"template":"","meta":[],"product_brand":[],"product_cat":[22,58,101,107],"product_tag":[],"class_list":{"0":"post-1369","1":"product","2":"type-product","3":"status-publish","4":"has-post-thumbnail","6":"product_cat-automobile-transports","7":"product_cat-horeca","8":"product_cat-horeca-hygiene-des-mains","9":"product_cat-savons-mains","11":"first","12":"instock","13":"shipping-taxable","14":"product-type-simple"},"_links":{"self":[{"href":"https:\/\/greenlineindustrial.com\/nl\/wp-json\/wp\/v2\/product\/1369","targetHints":{"allow":["GET"]}}],"collection":[{"href":"https:\/\/greenlineindustrial.com\/nl\/wp-json\/wp\/v2\/product"}],"about":[{"href":"https:\/\/greenlineindustrial.com\/nl\/wp-json\/wp\/v2\/types\/product"}],"wp:featuredmedia":[{"embeddable":true,"href":"https:\/\/greenlineindustrial.com\/nl\/wp-json\/wp\/v2\/media\/1372"}],"wp:attachment":[{"href":"https:\/\/greenlineindustrial.com\/nl\/wp-json\/wp\/v2\/media?parent=1369"}],"wp:term":[{"taxonomy":"product_brand","embeddable":true,"href":"https:\/\/greenlineindustrial.com\/nl\/wp-json\/wp\/v2\/product_brand?post=1369"},{"taxonomy":"product_cat","embeddable":true,"href":"https:\/\/greenlineindustrial.com\/nl\/wp-json\/wp\/v2\/product_cat?post=1369"},{"taxonomy":"product_tag","embeddable":true,"href":"https:\/\/greenlineindustrial.com\/nl\/wp-json\/wp\/v2\/product_tag?post=1369"}],"curies":[{"name":"wp","href":"https:\/\/api.w.org\/{rel}","templated":true}]}}