{"id":1830,"date":"2020-10-16T00:47:36","date_gmt":"2020-10-15T22:47:36","guid":{"rendered":"https:\/\/labowtc.hungrynuggets.com\/?post_type=product&#038;p=1830"},"modified":"2020-10-16T00:47:37","modified_gmt":"2020-10-15T22:47:37","slug":"degraissant-soluble-de-2059","status":"publish","type":"product","link":"https:\/\/greenlineindustrial.com\/en\/accueil\/degraissant-soluble-de-2059\/","title":{"rendered":"D\u00e9graissant soluble (DE 2059)"},"content":{"rendered":"<div class=\"page\" title=\"Page 6\">\n<div class=\"section\">\n<div class=\"layoutArea\">\n<div class=\"column\">\n<div class=\"page\" title=\"Page 6\">\n<div class=\"section\">\n<div class=\"layoutArea\">\n<div class=\"column\">\n<p><strong>CONDITIONNEMENT :<\/strong><\/p>\n<p><strong>1L &#8211; 5L &#8211; 10L &#8211; 20L &#8211; 25L &#8211; 30L &#8211; 210L &#8211; 1000L<\/strong><\/p>\n<\/div>\n<\/div>\n<\/div>\n<\/div>\n<p>Le DE2059 est un <strong>d\u00e9graissant liquide sp\u00e9cial<\/strong> pour nettoyages rapides, agr\u00e9able d\u2019utilisation.<\/p>\n<p>Il <strong>\u00e9limine les graisses et salissures tenaces<\/strong>.<\/p>\n<p><strong>Caract\u00e9ristiques :<\/strong><\/p>\n<ul>\n<li>Il est inimflamable.<\/li>\n<li>Soluble \u00e0 l\u2019eau en toute proportion.<\/li>\n<li>Respecte l\u2019environnement.<\/li>\n<li>Alimentaire.<\/li>\n<li>Parfum\u00e9 au citron.<\/li>\n<li>Contient un agent anti calcaire.<\/li>\n<li>Ne laisse pas de trace au rin\u00e7age.<\/li>\n<\/ul>\n<p><img decoding=\"async\" class=\"alignnone size-medium wp-image-1831\" src=\"https:\/\/labowtc.hungrynuggets.com\/wp-content\/uploads\/2020\/10\/Capture-decran-2020-10-15-a-23.39.40-300x87.png\" alt=\"\" width=\"300\" height=\"87\" \/><\/p>\n<\/div>\n<\/div>\n<\/div>\n<\/div>\n","protected":false},"excerpt":{"rendered":"<div class=\"page\" title=\"Page 6\">\n<div class=\"section\">\n<div class=\"layoutArea\">\n<div class=\"column\">\n<p>Super d\u00e9graissant de s\u00e9curit\u00e9, soluble \u00e0 l&#8217;eau et parfum\u00e9<\/p>\n<\/div>\n<\/div>\n<\/div>\n<\/div>\n","protected":false},"featured_media":1833,"template":"","meta":[],"product_brand":[],"product_cat":[102,255,58,244,110],"product_tag":[],"class_list":{"0":"post-1830","1":"product","2":"type-product","3":"status-publish","4":"has-post-thumbnail","6":"product_cat-horeca-cuisine","7":"product_cat-gamme-cuisines-et-collectivites","8":"product_cat-horeca","9":"product_cat-les-differentes-gammes","10":"product_cat-nettoyants-divers","12":"first","13":"instock","14":"shipping-taxable","15":"product-type-simple"},"_links":{"self":[{"href":"https:\/\/greenlineindustrial.com\/en\/wp-json\/wp\/v2\/product\/1830","targetHints":{"allow":["GET"]}}],"collection":[{"href":"https:\/\/greenlineindustrial.com\/en\/wp-json\/wp\/v2\/product"}],"about":[{"href":"https:\/\/greenlineindustrial.com\/en\/wp-json\/wp\/v2\/types\/product"}],"wp:featuredmedia":[{"embeddable":true,"href":"https:\/\/greenlineindustrial.com\/en\/wp-json\/wp\/v2\/media\/1833"}],"wp:attachment":[{"href":"https:\/\/greenlineindustrial.com\/en\/wp-json\/wp\/v2\/media?parent=1830"}],"wp:term":[{"taxonomy":"product_brand","embeddable":true,"href":"https:\/\/greenlineindustrial.com\/en\/wp-json\/wp\/v2\/product_brand?post=1830"},{"taxonomy":"product_cat","embeddable":true,"href":"https:\/\/greenlineindustrial.com\/en\/wp-json\/wp\/v2\/product_cat?post=1830"},{"taxonomy":"product_tag","embeddable":true,"href":"https:\/\/greenlineindustrial.com\/en\/wp-json\/wp\/v2\/product_tag?post=1830"}],"curies":[{"name":"wp","href":"https:\/\/api.w.org\/{rel}","templated":true}]}}