{"id":1819,"date":"2020-10-16T00:22:51","date_gmt":"2020-10-15T22:22:51","guid":{"rendered":"https:\/\/labowtc.hungrynuggets.com\/?post_type=product&#038;p=1819"},"modified":"2020-10-16T00:22:52","modified_gmt":"2020-10-15T22:22:52","slug":"solulin-de-2055","status":"publish","type":"product","link":"https:\/\/greenlineindustrial.com\/en\/accueil\/solulin-de-2055\/","title":{"rendered":"Solulin (DE 2055)"},"content":{"rendered":"<div class=\"page\" title=\"Page 6\">\n<div class=\"section\">\n<div class=\"layoutArea\">\n<div class=\"column\">\n<p><strong>CONDITIONNEMENT :<\/strong><\/p>\n<p><strong>1L &#8211; 5L &#8211; 10L &#8211; 20L &#8211; 25L &#8211; 30L &#8211; 210L &#8211; 1000L<\/strong><\/p>\n<\/div>\n<div class=\"page\" title=\"Page 6\">\n<div class=\"section\">\n<div class=\"layoutArea\">\n<div class=\"column\">\n<p>Solulin est un savon naturel \u00e0 l&#8217;huile v\u00e9g\u00e9tale.<\/p>\n<\/div>\n<\/div>\n<div class=\"layoutArea\">\n<div class=\"column\">\n<div class=\"page\" title=\"Page 6\">\n<div class=\"section\">\n<div class=\"layoutArea\">\n<div class=\"column\">\n<p>Cette formule <strong>lave, entretient et fait briller<\/strong> en <strong>une seule op\u00e9ration<\/strong>.<\/p>\n<p><strong>Laisse le carrelage d\u2019un aspect plus brillant<\/strong> que celui obtenu avec les d\u00e9tergents synth\u00e9tiques habituels.<\/p>\n<p>Tr\u00e8s haute concentration.<\/p>\n<p>Tr\u00e8s actif.<\/p>\n<p>Ne dess\u00e8che pas les surfaces.<\/p>\n<p><img decoding=\"async\" class=\"alignnone size-medium wp-image-1820\" src=\"https:\/\/labowtc.hungrynuggets.com\/wp-content\/uploads\/2020\/10\/Capture-decran-2020-10-15-a-23.02.20-300x83.png\" alt=\"\" width=\"300\" height=\"83\" \/><\/p>\n<\/div>\n<\/div>\n<\/div>\n<\/div>\n<\/div>\n<\/div>\n<\/div>\n<\/div>\n<\/div>\n<\/div>\n<\/div>\n","protected":false},"excerpt":{"rendered":"<div class=\"page\" title=\"Page 6\">\n<div class=\"section\">\n<div class=\"layoutArea\">\n<div class=\"column\">\n<p>Savon naturel \u00e0 l&#8217;huile v\u00e9g\u00e9tale<\/p>\n<\/div>\n<\/div>\n<\/div>\n<\/div>\n","protected":false},"featured_media":1826,"template":"","meta":[],"product_brand":[],"product_cat":[68,102,58,173,258,110,109,104,147],"product_tag":[],"class_list":{"0":"post-1819","1":"product","2":"type-product","3":"status-publish","4":"has-post-thumbnail","6":"product_cat-construction","7":"product_cat-horeca-cuisine","8":"product_cat-horeca","9":"product_cat-nettoyage-construction-sol","10":"product_cat-nettoyant-sol","11":"product_cat-nettoyants-divers","12":"product_cat-nettoyants-et-desinfectants","13":"product_cat-horeca-sanitaires","14":"product_cat-construction-sol","16":"first","17":"instock","18":"shipping-taxable","19":"product-type-simple"},"_links":{"self":[{"href":"https:\/\/greenlineindustrial.com\/en\/wp-json\/wp\/v2\/product\/1819","targetHints":{"allow":["GET"]}}],"collection":[{"href":"https:\/\/greenlineindustrial.com\/en\/wp-json\/wp\/v2\/product"}],"about":[{"href":"https:\/\/greenlineindustrial.com\/en\/wp-json\/wp\/v2\/types\/product"}],"wp:featuredmedia":[{"embeddable":true,"href":"https:\/\/greenlineindustrial.com\/en\/wp-json\/wp\/v2\/media\/1826"}],"wp:attachment":[{"href":"https:\/\/greenlineindustrial.com\/en\/wp-json\/wp\/v2\/media?parent=1819"}],"wp:term":[{"taxonomy":"product_brand","embeddable":true,"href":"https:\/\/greenlineindustrial.com\/en\/wp-json\/wp\/v2\/product_brand?post=1819"},{"taxonomy":"product_cat","embeddable":true,"href":"https:\/\/greenlineindustrial.com\/en\/wp-json\/wp\/v2\/product_cat?post=1819"},{"taxonomy":"product_tag","embeddable":true,"href":"https:\/\/greenlineindustrial.com\/en\/wp-json\/wp\/v2\/product_tag?post=1819"}],"curies":[{"name":"wp","href":"https:\/\/api.w.org\/{rel}","templated":true}]}}