{"id":1798,"date":"2020-10-15T23:14:06","date_gmt":"2020-10-15T21:14:06","guid":{"rendered":"https:\/\/labowtc.hungrynuggets.com\/?post_type=product&#038;p=1798"},"modified":"2020-10-15T23:14:06","modified_gmt":"2020-10-15T21:14:06","slug":"assouplissant-textile-sp-8065","status":"publish","type":"product","link":"https:\/\/greenlineindustrial.com\/en\/accueil\/assouplissant-textile-sp-8065\/","title":{"rendered":"Assouplissant textile (SP 8065)"},"content":{"rendered":"<div class=\"page\" title=\"Page 5\">\n<div class=\"section\">\n<div class=\"layoutArea\">\n<div class=\"column\">\n<p><strong>CONDITIONNEMENT : <\/strong><\/p>\n<p><strong>1 &#8211; 2 &#8211; 5 &#8211; DOSY<\/strong><\/p>\n<\/div>\n<\/div>\n<\/div>\n<\/div>\n<div class=\"page\" title=\"Page 5\">\n<div class=\"section\">\n<div class=\"layoutArea\">\n<div class=\"column\">\n<p>Le SP 8065 assouplit, adoucit et parfume. Il peut \u00eatre utilis\u00e9 manuellement ou m\u00e9caniquement.<\/p>\n<p><strong><em>Conseils d&#8217;utilisation :<\/em><\/strong><\/p>\n<p>Il est important de respecter les temp\u00e9ratures de lavage indiqu\u00e9es sur le linge.<\/p>\n<p>Utiliser l\u2019assouplissant sans le diluer.<\/p>\n<p>Ajouter l\u2019assouplissant \u00e0 la derni\u00e8re eau de rin\u00e7age dans les proportions suivantes :<\/p>\n<ul>\n<li>En machine: 2\/3 de verre soit 10 cl pour 4 Kg de linge.<\/li>\n<li>A la main: 1\/3 de verre soit 5cl pour 10 L d\u2019eau.<\/li>\n<\/ul>\n<p>S2 : conserver hors de port\u00e9e des enfants.<\/p>\n<p>S46 : en cas d\u2019ingestion consulter imm\u00e9diatement un m\u00e9decin et lui montrer l\u2019emballage ou l\u2019\u00e9tiquette.<\/p>\n<p>S61 : Eviter le rejet dans l\u2019environnement.<\/p>\n<p><img decoding=\"async\" class=\"alignnone size-medium wp-image-1799\" src=\"https:\/\/labowtc.hungrynuggets.com\/wp-content\/uploads\/2020\/10\/Capture-decran-2020-10-15-a-22.03.49-300x85.png\" alt=\"\" width=\"300\" height=\"85\" \/><\/p>\n<\/div>\n<\/div>\n<\/div>\n<\/div>\n","protected":false},"excerpt":{"rendered":"<p>CONDITIONNEMENT : 1 &#8211; 2 &#8211; 5 &#8211; DOSY Le SP 8065 assouplit, adoucit et parfume. Il peut \u00eatre utilis\u00e9 manuellement ou m\u00e9caniquement. Conseils d&#8217;utilisation : Il est important de respecter les temp\u00e9ratures de lavage indiqu\u00e9es sur le linge. Utiliser l\u2019assouplissant sans le diluer. Ajouter l\u2019assouplissant \u00e0 la derni\u00e8re eau de rin\u00e7age dans les proportions [&hellip;]<\/p>\n","protected":false},"featured_media":1800,"template":"","meta":[],"product_brand":[],"product_cat":[185,102,255,248,251,58,244,49,110],"product_tag":[],"class_list":{"0":"post-1798","1":"product","2":"type-product","3":"status-publish","4":"has-post-thumbnail","6":"product_cat-industrie-autres","7":"product_cat-horeca-cuisine","8":"product_cat-gamme-cuisines-et-collectivites","9":"product_cat-gamme-hygiene","10":"product_cat-gamme-nettoyant","11":"product_cat-horeca","12":"product_cat-les-differentes-gammes","13":"product_cat-maintenance-industries","14":"product_cat-nettoyants-divers","16":"first","17":"instock","18":"shipping-taxable","19":"product-type-simple"},"_links":{"self":[{"href":"https:\/\/greenlineindustrial.com\/en\/wp-json\/wp\/v2\/product\/1798","targetHints":{"allow":["GET"]}}],"collection":[{"href":"https:\/\/greenlineindustrial.com\/en\/wp-json\/wp\/v2\/product"}],"about":[{"href":"https:\/\/greenlineindustrial.com\/en\/wp-json\/wp\/v2\/types\/product"}],"wp:featuredmedia":[{"embeddable":true,"href":"https:\/\/greenlineindustrial.com\/en\/wp-json\/wp\/v2\/media\/1800"}],"wp:attachment":[{"href":"https:\/\/greenlineindustrial.com\/en\/wp-json\/wp\/v2\/media?parent=1798"}],"wp:term":[{"taxonomy":"product_brand","embeddable":true,"href":"https:\/\/greenlineindustrial.com\/en\/wp-json\/wp\/v2\/product_brand?post=1798"},{"taxonomy":"product_cat","embeddable":true,"href":"https:\/\/greenlineindustrial.com\/en\/wp-json\/wp\/v2\/product_cat?post=1798"},{"taxonomy":"product_tag","embeddable":true,"href":"https:\/\/greenlineindustrial.com\/en\/wp-json\/wp\/v2\/product_tag?post=1798"}],"curies":[{"name":"wp","href":"https:\/\/api.w.org\/{rel}","templated":true}]}}