{"id":1536,"date":"2020-10-13T23:44:00","date_gmt":"2020-10-13T21:44:00","guid":{"rendered":"https:\/\/labowtc.hungrynuggets.com\/?post_type=product&#038;p=1536"},"modified":"2020-10-13T23:45:43","modified_gmt":"2020-10-13T21:45:43","slug":"josywash-de-2007","status":"publish","type":"product","link":"https:\/\/greenlineindustrial.com\/en\/accueil\/josywash-de-2007\/","title":{"rendered":"Josywash non-chlor\u00e9 (DE 2007)"},"content":{"rendered":"<div class=\"page\" title=\"Page 4\">\n<div class=\"section\">\n<div class=\"layoutArea\">\n<div class=\"column\">\n<p><strong>CONDITIONNEMENT :<\/strong><\/p>\n<div class=\"page\" title=\"Page 4\">\n<div class=\"section\">\n<div class=\"layoutArea\">\n<div class=\"column\">\n<p><strong>500ML &#8211; 1L &#8211; 2L &#8211; 5L &#8211; 10L &#8211; 20L &#8211; 25L &#8211; 210 &#8211; 1000L<\/strong><\/p>\n<\/div>\n<\/div>\n<\/div>\n<\/div>\n<p>Le Josywash est un <strong>d\u00e9tergent concentr\u00e9<\/strong> et t<strong>r\u00e8s efficace pour lave-vaisselle industriels<\/strong>.<\/p>\n<p>L\u2019utilisation r\u00e9guli\u00e8re du Josywash garantit une <strong>dur\u00e9e de vie<\/strong> beaucoup plus <strong>longue<\/strong> \u00e0 votre lave vaisselle. Le produit contient des <strong>composants<\/strong> qui <strong>adoucissent l\u2019eau<\/strong> et <strong>emp\u00eachent la corrosion<\/strong>.<\/p>\n<p>Le Josywash a une fonction <strong>nettoyante efficace<\/strong> et <strong>contient<\/strong> \u00e9galement <strong>des additifs qui pr\u00e9viennent les r\u00e9sidus decalcaire<\/strong> et la<strong> formation de rouille.<\/strong><\/p>\n<p><img decoding=\"async\" class=\"alignnone size-medium wp-image-1537\" src=\"https:\/\/labowtc.hungrynuggets.com\/wp-content\/uploads\/2020\/10\/Capture-decran-2020-10-13-a-22.27.33-300x113.png\" alt=\"\" width=\"300\" height=\"113\" \/><\/p>\n<\/div>\n<\/div>\n<\/div>\n<\/div>\n","protected":false},"excerpt":{"rendered":"<p>Liquide lavage vaisselle non chlor\u00e9<\/p>\n","protected":false},"featured_media":1538,"template":"","meta":[],"product_brand":[],"product_cat":[58,103,111],"product_tag":[],"class_list":{"0":"post-1536","1":"product","2":"type-product","3":"status-publish","4":"has-post-thumbnail","6":"product_cat-horeca","7":"product_cat-horeca-lave-vaisselle","8":"product_cat-nettoyant-liquide-lave-vaisselle","10":"first","11":"instock","12":"shipping-taxable","13":"product-type-simple"},"_links":{"self":[{"href":"https:\/\/greenlineindustrial.com\/en\/wp-json\/wp\/v2\/product\/1536","targetHints":{"allow":["GET"]}}],"collection":[{"href":"https:\/\/greenlineindustrial.com\/en\/wp-json\/wp\/v2\/product"}],"about":[{"href":"https:\/\/greenlineindustrial.com\/en\/wp-json\/wp\/v2\/types\/product"}],"wp:featuredmedia":[{"embeddable":true,"href":"https:\/\/greenlineindustrial.com\/en\/wp-json\/wp\/v2\/media\/1538"}],"wp:attachment":[{"href":"https:\/\/greenlineindustrial.com\/en\/wp-json\/wp\/v2\/media?parent=1536"}],"wp:term":[{"taxonomy":"product_brand","embeddable":true,"href":"https:\/\/greenlineindustrial.com\/en\/wp-json\/wp\/v2\/product_brand?post=1536"},{"taxonomy":"product_cat","embeddable":true,"href":"https:\/\/greenlineindustrial.com\/en\/wp-json\/wp\/v2\/product_cat?post=1536"},{"taxonomy":"product_tag","embeddable":true,"href":"https:\/\/greenlineindustrial.com\/en\/wp-json\/wp\/v2\/product_tag?post=1536"}],"curies":[{"name":"wp","href":"https:\/\/api.w.org\/{rel}","templated":true}]}}