{"id":1376,"date":"2020-10-12T11:09:34","date_gmt":"2020-10-12T09:09:34","guid":{"rendered":"https:\/\/labowtc.hungrynuggets.com\/?post_type=product&#038;p=1376"},"modified":"2020-10-12T11:09:34","modified_gmt":"2020-10-12T09:09:34","slug":"creme-protectrice-hy-1086","status":"publish","type":"product","link":"https:\/\/greenlineindustrial.com\/en\/accueil\/creme-protectrice-hy-1086\/","title":{"rendered":"Cr\u00e8me protectrice (HY 1086)"},"content":{"rendered":"<div class=\"page\" title=\"Page 4\">\n<div class=\"section\">\n<div class=\"layoutArea\">\n<div class=\"column\">\n<div class=\"page\" title=\"Page 4\">\n<div class=\"section\">\n<div class=\"layoutArea\">\n<div class=\"column\">\n<p><strong>CONDITIONNEMENT :<\/strong><\/p>\n<p><strong>250ML &#8211; 500ML &#8211; 1L &#8211; 3L &#8211; 10L<\/strong><\/p>\n<\/div>\n<\/div>\n<\/div>\n<\/div>\n<p>La cr\u00e8me protectrice pour les mains est <strong>pr\u00eate \u00e0 l\u2019emploi<\/strong>, \u00e0 base d\u2019eau, non grasse, ne colle pas. La couche protectrice imp\u00e9n\u00e9trable du produit <strong>prot\u00e8ge la peau<\/strong> contre la salet\u00e9, la graisse, l\u2019encre, l\u2019huile, etc. Le produit prot\u00e8ge \u00e9galement contre la p\u00e9n\u00e9tration de salet\u00e9 et de graisse caus\u00e9e par l\u2019essence, les produits de nettoyage, les diluants pour peinture et autres produits chimiques fr\u00e9quemment utilis\u00e9s.<\/p>\n<p>La cr\u00e8me <strong>contient plus d\u2019\u00e9l\u00e9ments actifs que la plupart des cr\u00e8mes protectrices<\/strong>. Elle <strong>nourrit<\/strong> et <strong>rafra\u00eechit la peau <\/strong>et <strong>procure imm\u00e9diatement une sensation de fra\u00eecheur<\/strong>.<\/p>\n<p>Le HY 1086 forme un &#8221; gant invisible &#8220;et prot\u00e8ge la peau contre le dess\u00e8chement et pr\u00e9vient les fissures. \u00a0Elle est facile \u00e0 l\u2019emploi.<\/p>\n<p><img decoding=\"async\" class=\"alignnone size-medium wp-image-1377\" src=\"https:\/\/labowtc.hungrynuggets.com\/wp-content\/uploads\/2020\/10\/Capture-decran-2020-10-12-a-09.59.20-300x125.png\" alt=\"\" width=\"300\" height=\"125\" \/><\/p>\n<\/div>\n<\/div>\n<\/div>\n<\/div>\n","protected":false},"excerpt":{"rendered":"<p>Cr\u00e8me protectrice pour les mains<\/p>\n","protected":false},"featured_media":1378,"template":"","meta":[],"product_brand":[],"product_cat":[22,58,101,107],"product_tag":[],"class_list":{"0":"post-1376","1":"product","2":"type-product","3":"status-publish","4":"has-post-thumbnail","6":"product_cat-automobile-transports","7":"product_cat-horeca","8":"product_cat-horeca-hygiene-des-mains","9":"product_cat-savons-mains","11":"first","12":"instock","13":"shipping-taxable","14":"product-type-simple"},"_links":{"self":[{"href":"https:\/\/greenlineindustrial.com\/en\/wp-json\/wp\/v2\/product\/1376","targetHints":{"allow":["GET"]}}],"collection":[{"href":"https:\/\/greenlineindustrial.com\/en\/wp-json\/wp\/v2\/product"}],"about":[{"href":"https:\/\/greenlineindustrial.com\/en\/wp-json\/wp\/v2\/types\/product"}],"wp:featuredmedia":[{"embeddable":true,"href":"https:\/\/greenlineindustrial.com\/en\/wp-json\/wp\/v2\/media\/1378"}],"wp:attachment":[{"href":"https:\/\/greenlineindustrial.com\/en\/wp-json\/wp\/v2\/media?parent=1376"}],"wp:term":[{"taxonomy":"product_brand","embeddable":true,"href":"https:\/\/greenlineindustrial.com\/en\/wp-json\/wp\/v2\/product_brand?post=1376"},{"taxonomy":"product_cat","embeddable":true,"href":"https:\/\/greenlineindustrial.com\/en\/wp-json\/wp\/v2\/product_cat?post=1376"},{"taxonomy":"product_tag","embeddable":true,"href":"https:\/\/greenlineindustrial.com\/en\/wp-json\/wp\/v2\/product_tag?post=1376"}],"curies":[{"name":"wp","href":"https:\/\/api.w.org\/{rel}","templated":true}]}}