{"id":1349,"date":"2020-10-10T01:14:46","date_gmt":"2020-10-09T23:14:46","guid":{"rendered":"https:\/\/labowtc.hungrynuggets.com\/?post_type=product&#038;p=1349"},"modified":"2020-10-10T01:15:32","modified_gmt":"2020-10-09T23:15:32","slug":"gel-antibacterien-sans-rincage-hy1066","status":"publish","type":"product","link":"https:\/\/greenlineindustrial.com\/en\/accueil\/gel-antibacterien-sans-rincage-hy1066\/","title":{"rendered":"Gel antibact\u00e9rien sans rin\u00e7age (HY1066)"},"content":{"rendered":"<div class=\"page\" title=\"Page 3\">\n<div class=\"section\">\n<div class=\"layoutArea\">\n<div class=\"column\">\n<div class=\"page\" title=\"Page 3\">\n<div class=\"section\">\n<div class=\"layoutArea\">\n<div class=\"column\">\n<p><strong>CONDITIONNEMENT<\/strong> :<\/p>\n<p>100ML &#8211; 250ML &#8211; 500ML &#8211; 900ML &#8211; 1L &#8211; 5L &#8211; 25L<\/p>\n<\/div>\n<\/div>\n<\/div>\n<\/div>\n<p>Le gel hydro-alcoolique est utilis\u00e9 pour le <strong>traitement hygi\u00e9nique des mains par friction<\/strong>.<\/p>\n<p>Cette solution permet une sanitation imm\u00e9diate des mains entre 2 lavages classiques.<\/p>\n<p>Il est <strong>pr\u00eat a l\u2019emploi <\/strong>et s&#8217;utilise\u00a0<strong>sans eau, ni rin\u00e7age, ni essuyage<\/strong>.<\/p>\n<p><img decoding=\"async\" class=\"alignnone wp-image-1350\" src=\"https:\/\/labowtc.hungrynuggets.com\/wp-content\/uploads\/2020\/10\/Capture-decran-2020-10-09-a-23.02.51-300x108.png\" alt=\"HY1066\" width=\"253\" height=\"91\" \/><\/p>\n<p>Plusieurs parfums sont disponibles :<\/p>\n<ul>\n<li>P\u00eache (HY 1066\/O)<\/li>\n<li>Bleu (HY 1066\/B)<\/li>\n<li>Fleuri (HY 1066\/R)<\/li>\n<li>Menthe (HY 1066\/V)<\/li>\n<li>Sans parfum (HY 1066\/T)<\/li>\n<\/ul>\n<p>&nbsp;<\/p>\n<p><strong>NOTIF 793 : SERVICE PUBLIC F\u00c9D\u00c9RAL SANT\u00c9 PUBLIQUE, S\u00c9CURIt\u00c9 DE LA CHA\u00ceNE ALIMENTAIRE ET DE L&#8217;ENVIRONNEMENT<\/strong><\/p>\n<\/div>\n<\/div>\n<\/div>\n<\/div>\n","protected":false},"excerpt":{"rendered":"<div class=\"page\" title=\"Page 3\">\n<div class=\"section\">\n<div class=\"layoutArea\">\n<div class=\"column\">\n<p>Gel Hydro-alcoolique pour les mains sans rin\u00e7age<\/p>\n<\/div>\n<\/div>\n<\/div>\n<\/div>\n","protected":false},"featured_media":1351,"template":"","meta":[],"product_brand":[],"product_cat":[106,58,101],"product_tag":[],"class_list":{"0":"post-1349","1":"product","2":"type-product","3":"status-publish","4":"has-post-thumbnail","6":"product_cat-gel-hydroalcoolique","7":"product_cat-horeca","8":"product_cat-horeca-hygiene-des-mains","10":"first","11":"instock","12":"shipping-taxable","13":"product-type-simple"},"_links":{"self":[{"href":"https:\/\/greenlineindustrial.com\/en\/wp-json\/wp\/v2\/product\/1349","targetHints":{"allow":["GET"]}}],"collection":[{"href":"https:\/\/greenlineindustrial.com\/en\/wp-json\/wp\/v2\/product"}],"about":[{"href":"https:\/\/greenlineindustrial.com\/en\/wp-json\/wp\/v2\/types\/product"}],"wp:featuredmedia":[{"embeddable":true,"href":"https:\/\/greenlineindustrial.com\/en\/wp-json\/wp\/v2\/media\/1351"}],"wp:attachment":[{"href":"https:\/\/greenlineindustrial.com\/en\/wp-json\/wp\/v2\/media?parent=1349"}],"wp:term":[{"taxonomy":"product_brand","embeddable":true,"href":"https:\/\/greenlineindustrial.com\/en\/wp-json\/wp\/v2\/product_brand?post=1349"},{"taxonomy":"product_cat","embeddable":true,"href":"https:\/\/greenlineindustrial.com\/en\/wp-json\/wp\/v2\/product_cat?post=1349"},{"taxonomy":"product_tag","embeddable":true,"href":"https:\/\/greenlineindustrial.com\/en\/wp-json\/wp\/v2\/product_tag?post=1349"}],"curies":[{"name":"wp","href":"https:\/\/api.w.org\/{rel}","templated":true}]}}